{"id":5,"date":"2012-02-01T12:34:40","date_gmt":"2012-02-01T12:34:40","guid":{"rendered":"http:\/\/www.edilsudcostruzioni.it\/portale\/?page_id=5"},"modified":"2012-04-02T19:00:16","modified_gmt":"2012-04-02T19:00:16","slug":"chi-siamo","status":"publish","type":"page","link":"https:\/\/www.edilsudcostruzioni.it\/index.php\/chi-siamo","title":{"rendered":"Chi siamo"},"content":{"rendered":"<p style=\"text-align: center;\"><a href=\"http:\/\/www.edilsudcostruzioni.it\/portale\/wp-content\/uploads\/2012\/02\/chi_siamo_edilsu_costruzioni.jpg\"><img loading=\"lazy\" decoding=\"async\" class=\"aligncenter  wp-image-246\" title=\"EdilSud Costruzioni - Chi siamo\" src=\"http:\/\/www.edilsudcostruzioni.it\/portale\/wp-content\/uploads\/2012\/02\/chi_siamo_edilsu_costruzioni.jpg\" alt=\"EdilSud Costruzioni - Chi siamo\" width=\"406\" height=\"270\" srcset=\"https:\/\/www.edilsudcostruzioni.it\/portale\/wp-content\/uploads\/2012\/02\/chi_siamo_edilsu_costruzioni.jpg 507w, https:\/\/www.edilsudcostruzioni.it\/portale\/wp-content\/uploads\/2012\/02\/chi_siamo_edilsu_costruzioni-300x200.jpg 300w, https:\/\/www.edilsudcostruzioni.it\/portale\/wp-content\/uploads\/2012\/02\/chi_siamo_edilsu_costruzioni-290x193.jpg 290w\" sizes=\"auto, (max-width: 406px) 100vw, 406px\" \/><\/a><\/p>\n<p><strong>EdilSud Costruzioni S.r.l.<\/strong> \u00e8 un&#8217;azienda giovane e dinamica che si occupa di costruzioni e ristrutturazioni edilizie rifacimento di <strong>esterni <\/strong>ed <strong>interni<\/strong>, lavori di restauro. L&#8217;azienda \u00e8 nata nel 1984 specializzandosi soprattutto in realizzazioni dedicate a clienti del settore privato. <!--more-->Tutti i successi lavorativi &#8211; dimostrati dalla gallery del <strong><a title=\"Opere realizzate - Portfolio EdilSud Costruzioni\" href=\"http:\/\/www.edilsudcostruzioni.it\/index.php\/category\/opere-realizzate\">portfolio <\/a><\/strong>di lavoro &#8211; sono il frutto di professionalit\u00e0, seriet\u00e0 ed impegno costante nella scelta dei migliori prodotti e di maestranze dotate di un know-how specifico di settore. Il risultato: lavori di progettazione, ristrutturazine e restauro a regola d&#8217;arte.<\/p>\n<p><strong>Specilisti<\/strong> nel <strong>recupero edilizio<\/strong>, EdilSud Costruzioni \u00e8 un&#8217;impresa riconosciuta dalla societ\u00e0 SI.RE.NA. citt\u00e0 storica S.C.p.A. al n\u00b0 388, che ci ha distinto per i risultati ottenuti nel <strong>restauro<\/strong> di <strong>alcuni edifici storici<\/strong> nel centro di <strong>Napoli<\/strong>. Oggi, l&#8217;azienda ha acquisito nuove competenze, occupandosi di nuove costruzioni e di ristrutturazioni di interni e di residenziali funzionali e di grande valore estetico.<\/p>\n<div class=\"art-preventivo-bottom\"><a title=\"Chiedi un preventivo\" href=\"http:\/\/www.edilsudcostruzioni.it\/index.php\/contatti\" target=\"_top\">Chiedi un preventivo<\/a><\/div>\n","protected":false},"excerpt":{"rendered":"<p>EdilSud Costruzioni S.r.l. \u00e8 un&#8217;azienda giovane e dinamica che si occupa di costruzioni e ristrutturazioni edilizie rifacimento di esterni ed interni, lavori di restauro. L&#8217;azienda \u00e8 nata nel 1984 specializzandosi soprattutto in realizzazioni dedicate a clienti del settore privato.<\/p>\n","protected":false},"author":1,"featured_media":246,"parent":0,"menu_order":0,"comment_status":"open","ping_status":"open","template":"","meta":{"footnotes":""},"class_list":["post-5","page","type-page","status-publish","has-post-thumbnail","hentry"],"psp_head":"<title>Impresa Costruzione Sant'Anastasia, Ristrutturazione casa, Restauro e Progettazione interni | Napoli Ristrutturazioni edilizie Campania, Chi siamo | Sant'Anastasia costruzioni, interni e ristrutturazioni \u2013 Edil Sud Costruzioni S.r.l.<\/title>\r\n<meta name=\"description\" content=\"EdilSud Costruzioni \u00e8 la societ\u00e0 a Sant&#039;Anastasia di costruzioni o impresa edilizia specializzata in costruzioni e ristrutturazioni di case, interni, appartamenti e residenziali, progettazione e restauri. EdilSud Costruzioni \u00e8 l&#039;impresa costruzioni a Sant&#039;Anastasia specializzata in ristrutturazione casa, restauro, interni, progettazione e costruzione. L&#039;impresa edilizia EdilSud Costruzioni \u00e8 la societ\u00e0 di ristrutturazione case, appartamenti e interni a Sant&#039;Anastasia, Napoli Campania che si occupa con competenza e professionalit\u00e0 di restaurare interni, ristrutturare casa, costruire appartamenti residenziali a Sant&#039;Anastasia, in Provincia di Napoli in Campania. Case, appartamenti, progettazioni, interni, restauri e ristrutturazioni di EdilSud Costruzioni.\" \/>\r\n<meta name=\"robots\" content=\"index,follow\" \/>\r\n<link rel=\"canonical\" href=\"https:\/\/www.edilsudcostruzioni.it\/index.php\/chi-siamo\" \/>\r\n","_links":{"self":[{"href":"https:\/\/www.edilsudcostruzioni.it\/index.php\/wp-json\/wp\/v2\/pages\/5","targetHints":{"allow":["GET"]}}],"collection":[{"href":"https:\/\/www.edilsudcostruzioni.it\/index.php\/wp-json\/wp\/v2\/pages"}],"about":[{"href":"https:\/\/www.edilsudcostruzioni.it\/index.php\/wp-json\/wp\/v2\/types\/page"}],"author":[{"embeddable":true,"href":"https:\/\/www.edilsudcostruzioni.it\/index.php\/wp-json\/wp\/v2\/users\/1"}],"replies":[{"embeddable":true,"href":"https:\/\/www.edilsudcostruzioni.it\/index.php\/wp-json\/wp\/v2\/comments?post=5"}],"version-history":[{"count":10,"href":"https:\/\/www.edilsudcostruzioni.it\/index.php\/wp-json\/wp\/v2\/pages\/5\/revisions"}],"predecessor-version":[{"id":363,"href":"https:\/\/www.edilsudcostruzioni.it\/index.php\/wp-json\/wp\/v2\/pages\/5\/revisions\/363"}],"wp:featuredmedia":[{"embeddable":true,"href":"https:\/\/www.edilsudcostruzioni.it\/index.php\/wp-json\/wp\/v2\/media\/246"}],"wp:attachment":[{"href":"https:\/\/www.edilsudcostruzioni.it\/index.php\/wp-json\/wp\/v2\/media?parent=5"}],"curies":[{"name":"wp","href":"https:\/\/api.w.org\/{rel}","templated":true}]}}